{"id":6039,"date":"2015-01-02T16:42:27","date_gmt":"2015-01-02T16:42:27","guid":{"rendered":"http:\/\/karolisbuta.lt\/?page_id=6039"},"modified":"2021-05-05T14:25:08","modified_gmt":"2021-05-05T14:25:08","slug":"mokymai","status":"publish","type":"page","link":"https:\/\/karolisbuta.lt\/?page_id=6039","title":{"rendered":"Retouching"},"content":{"rendered":"<p style=\"text-align: center;\">\n<p style=\"text-align: left;\">\n","protected":false},"excerpt":{"rendered":"","protected":false},"author":1,"featured_media":6097,"parent":0,"menu_order":0,"comment_status":"closed","ping_status":"closed","template":"","meta":{"_monsterinsights_skip_tracking":false,"_monsterinsights_sitenote_active":false,"_monsterinsights_sitenote_note":"","_monsterinsights_sitenote_category":0,"pp_embeds":"{}","footnotes":""},"class_list":["post-6039","page","type-page","status-publish","has-post-thumbnail","hentry"],"yoast_head":"<!-- This site is optimized with the Yoast SEO plugin v27.5 - https:\/\/yoast.com\/product\/yoast-seo-wordpress\/ -->\n<title>Retouching - Vestuvi\u0173 fotografas, portretin\u0117 bei \u0161eim\u0173 fotografija<\/title>\n<meta name=\"description\" content=\"Adobe photosop ir Adobe Lihtroom asmeniniai mokymai internetu pagal individualias programas. Fotografas Karolis Buta\" \/>\n<meta name=\"robots\" content=\"index, follow, max-snippet:-1, max-image-preview:large, max-video-preview:-1\" \/>\n<link rel=\"canonical\" href=\"https:\/\/karolisbuta.lt\/?page_id=6039\" \/>\n<meta property=\"og:locale\" content=\"en_US\" \/>\n<meta property=\"og:type\" content=\"article\" \/>\n<meta property=\"og:title\" content=\"Retouching - Vestuvi\u0173 fotografas, portretin\u0117 bei \u0161eim\u0173 fotografija\" \/>\n<meta property=\"og:description\" content=\"Adobe photosop ir Adobe Lihtroom asmeniniai mokymai internetu pagal individualias programas. Fotografas Karolis Buta\" \/>\n<meta property=\"og:url\" content=\"https:\/\/karolisbuta.lt\/?page_id=6039\" \/>\n<meta property=\"og:site_name\" content=\"Vestuvi\u0173 fotografas, portretin\u0117 bei \u0161eim\u0173 fotografija\" \/>\n<meta property=\"article:modified_time\" content=\"2021-05-05T14:25:08+00:00\" \/>\n<meta property=\"og:image\" content=\"https:\/\/karolisbuta.lt\/wp-content\/uploads\/2015\/01\/04-6039-page\/RE_007__MG_3125End-as-Smart-Object-1.jpg\" \/>\n\t<meta property=\"og:image:width\" content=\"533\" \/>\n\t<meta property=\"og:image:height\" content=\"800\" \/>\n\t<meta property=\"og:image:type\" content=\"image\/jpeg\" \/>\n<meta name=\"twitter:card\" content=\"summary_large_image\" \/>\n<script type=\"application\/ld+json\" class=\"yoast-schema-graph\">{\"@context\":\"https:\\\/\\\/schema.org\",\"@graph\":[{\"@type\":\"WebPage\",\"@id\":\"https:\\\/\\\/karolisbuta.lt\\\/?page_id=6039\",\"url\":\"https:\\\/\\\/karolisbuta.lt\\\/?page_id=6039\",\"name\":\"Retouching - Vestuvi\u0173 fotografas, portretin\u0117 bei \u0161eim\u0173 fotografija\",\"isPartOf\":{\"@id\":\"https:\\\/\\\/karolisbuta.lt\\\/#website\"},\"primaryImageOfPage\":{\"@id\":\"https:\\\/\\\/karolisbuta.lt\\\/?page_id=6039#primaryimage\"},\"image\":{\"@id\":\"https:\\\/\\\/karolisbuta.lt\\\/?page_id=6039#primaryimage\"},\"thumbnailUrl\":\"https:\\\/\\\/karolisbuta.lt\\\/wp-content\\\/uploads\\\/2015\\\/01\\\/04-6039-page\\\/RE_007__MG_3125End-as-Smart-Object-1.jpg\",\"datePublished\":\"2015-01-02T16:42:27+00:00\",\"dateModified\":\"2021-05-05T14:25:08+00:00\",\"description\":\"Adobe photosop ir Adobe Lihtroom asmeniniai mokymai internetu pagal individualias programas. Fotografas Karolis Buta\",\"inLanguage\":\"en-US\",\"potentialAction\":[{\"@type\":\"ReadAction\",\"target\":[\"https:\\\/\\\/karolisbuta.lt\\\/?page_id=6039\"]}]},{\"@type\":\"ImageObject\",\"inLanguage\":\"en-US\",\"@id\":\"https:\\\/\\\/karolisbuta.lt\\\/?page_id=6039#primaryimage\",\"url\":\"https:\\\/\\\/karolisbuta.lt\\\/wp-content\\\/uploads\\\/2015\\\/01\\\/04-6039-page\\\/RE_007__MG_3125End-as-Smart-Object-1.jpg\",\"contentUrl\":\"https:\\\/\\\/karolisbuta.lt\\\/wp-content\\\/uploads\\\/2015\\\/01\\\/04-6039-page\\\/RE_007__MG_3125End-as-Smart-Object-1.jpg\",\"width\":533,\"height\":800,\"caption\":\"Fotografas Karolis Buta www.karolisbuta.lt\"},{\"@type\":\"WebSite\",\"@id\":\"https:\\\/\\\/karolisbuta.lt\\\/#website\",\"url\":\"https:\\\/\\\/karolisbuta.lt\\\/\",\"name\":\"Vestuvi\u0173 fotografas, portretin\u0117 bei \u0161eim\u0173 fotografija\",\"description\":\"Profesionalus vestuvi\u0173 fotografas,fotografai, Klaip\u0117doje - i\u0161skirtin\u0117s prie\u0161 ir po vestuvin\u0117s fotosesijos, Love Story, Trash the Dress. , fotografijos paslaugos Kaune, Vilniuje\",\"potentialAction\":[{\"@type\":\"SearchAction\",\"target\":{\"@type\":\"EntryPoint\",\"urlTemplate\":\"https:\\\/\\\/karolisbuta.lt\\\/?s={search_term_string}\"},\"query-input\":{\"@type\":\"PropertyValueSpecification\",\"valueRequired\":true,\"valueName\":\"search_term_string\"}}],\"inLanguage\":\"en-US\"}]}<\/script>\n<!-- \/ Yoast SEO plugin. -->","yoast_head_json":{"title":"Retouching - Vestuvi\u0173 fotografas, portretin\u0117 bei \u0161eim\u0173 fotografija","description":"Adobe photosop ir Adobe Lihtroom asmeniniai mokymai internetu pagal individualias programas. Fotografas Karolis Buta","robots":{"index":"index","follow":"follow","max-snippet":"max-snippet:-1","max-image-preview":"max-image-preview:large","max-video-preview":"max-video-preview:-1"},"canonical":"https:\/\/karolisbuta.lt\/?page_id=6039","og_locale":"en_US","og_type":"article","og_title":"Retouching - Vestuvi\u0173 fotografas, portretin\u0117 bei \u0161eim\u0173 fotografija","og_description":"Adobe photosop ir Adobe Lihtroom asmeniniai mokymai internetu pagal individualias programas. Fotografas Karolis Buta","og_url":"https:\/\/karolisbuta.lt\/?page_id=6039","og_site_name":"Vestuvi\u0173 fotografas, portretin\u0117 bei \u0161eim\u0173 fotografija","article_modified_time":"2021-05-05T14:25:08+00:00","og_image":[{"width":533,"height":800,"url":"https:\/\/karolisbuta.lt\/wp-content\/uploads\/2015\/01\/04-6039-page\/RE_007__MG_3125End-as-Smart-Object-1.jpg","type":"image\/jpeg"}],"twitter_card":"summary_large_image","schema":{"@context":"https:\/\/schema.org","@graph":[{"@type":"WebPage","@id":"https:\/\/karolisbuta.lt\/?page_id=6039","url":"https:\/\/karolisbuta.lt\/?page_id=6039","name":"Retouching - Vestuvi\u0173 fotografas, portretin\u0117 bei \u0161eim\u0173 fotografija","isPartOf":{"@id":"https:\/\/karolisbuta.lt\/#website"},"primaryImageOfPage":{"@id":"https:\/\/karolisbuta.lt\/?page_id=6039#primaryimage"},"image":{"@id":"https:\/\/karolisbuta.lt\/?page_id=6039#primaryimage"},"thumbnailUrl":"https:\/\/karolisbuta.lt\/wp-content\/uploads\/2015\/01\/04-6039-page\/RE_007__MG_3125End-as-Smart-Object-1.jpg","datePublished":"2015-01-02T16:42:27+00:00","dateModified":"2021-05-05T14:25:08+00:00","description":"Adobe photosop ir Adobe Lihtroom asmeniniai mokymai internetu pagal individualias programas. Fotografas Karolis Buta","inLanguage":"en-US","potentialAction":[{"@type":"ReadAction","target":["https:\/\/karolisbuta.lt\/?page_id=6039"]}]},{"@type":"ImageObject","inLanguage":"en-US","@id":"https:\/\/karolisbuta.lt\/?page_id=6039#primaryimage","url":"https:\/\/karolisbuta.lt\/wp-content\/uploads\/2015\/01\/04-6039-page\/RE_007__MG_3125End-as-Smart-Object-1.jpg","contentUrl":"https:\/\/karolisbuta.lt\/wp-content\/uploads\/2015\/01\/04-6039-page\/RE_007__MG_3125End-as-Smart-Object-1.jpg","width":533,"height":800,"caption":"Fotografas Karolis Buta www.karolisbuta.lt"},{"@type":"WebSite","@id":"https:\/\/karolisbuta.lt\/#website","url":"https:\/\/karolisbuta.lt\/","name":"Vestuvi\u0173 fotografas, portretin\u0117 bei \u0161eim\u0173 fotografija","description":"Profesionalus vestuvi\u0173 fotografas,fotografai, Klaip\u0117doje - i\u0161skirtin\u0117s prie\u0161 ir po vestuvin\u0117s fotosesijos, Love Story, Trash the Dress. , fotografijos paslaugos Kaune, Vilniuje","potentialAction":[{"@type":"SearchAction","target":{"@type":"EntryPoint","urlTemplate":"https:\/\/karolisbuta.lt\/?s={search_term_string}"},"query-input":{"@type":"PropertyValueSpecification","valueRequired":true,"valueName":"search_term_string"}}],"inLanguage":"en-US"}]}},"_links":{"self":[{"href":"https:\/\/karolisbuta.lt\/index.php?rest_route=\/wp\/v2\/pages\/6039","targetHints":{"allow":["GET"]}}],"collection":[{"href":"https:\/\/karolisbuta.lt\/index.php?rest_route=\/wp\/v2\/pages"}],"about":[{"href":"https:\/\/karolisbuta.lt\/index.php?rest_route=\/wp\/v2\/types\/page"}],"author":[{"embeddable":true,"href":"https:\/\/karolisbuta.lt\/index.php?rest_route=\/wp\/v2\/users\/1"}],"replies":[{"embeddable":true,"href":"https:\/\/karolisbuta.lt\/index.php?rest_route=%2Fwp%2Fv2%2Fcomments&post=6039"}],"version-history":[{"count":0,"href":"https:\/\/karolisbuta.lt\/index.php?rest_route=\/wp\/v2\/pages\/6039\/revisions"}],"wp:featuredmedia":[{"embeddable":true,"href":"https:\/\/karolisbuta.lt\/index.php?rest_route=\/wp\/v2\/media\/6097"}],"wp:attachment":[{"href":"https:\/\/karolisbuta.lt\/index.php?rest_route=%2Fwp%2Fv2%2Fmedia&parent=6039"}],"curies":[{"name":"wp","href":"https:\/\/api.w.org\/{rel}","templated":true}]}}