{"id":6710,"date":"2017-03-10T19:13:01","date_gmt":"2017-03-10T19:13:01","guid":{"rendered":"http:\/\/karolisbuta.lt\/?page_id=6710"},"modified":"2021-05-05T14:20:28","modified_gmt":"2021-05-05T14:20:28","slug":"apie","status":"publish","type":"page","link":"https:\/\/karolisbuta.lt\/?page_id=6710","title":{"rendered":"Apie mane 2021"},"content":{"rendered":"","protected":false},"excerpt":{"rendered":"","protected":false},"author":1,"featured_media":0,"parent":0,"menu_order":0,"comment_status":"closed","ping_status":"closed","template":"","meta":{"_monsterinsights_skip_tracking":false,"_monsterinsights_sitenote_active":false,"_monsterinsights_sitenote_note":"","_monsterinsights_sitenote_category":0,"pp_embeds":"{}","footnotes":""},"class_list":["post-6710","page","type-page","status-publish","hentry"],"yoast_head":"<!-- This site is optimized with the Yoast SEO plugin v27.4 - https:\/\/yoast.com\/product\/yoast-seo-wordpress\/ -->\n<title>Apie mane 2021 - Vestuvi\u0173 fotografas, portretin\u0117 bei \u0161eim\u0173 fotografija<\/title>\n<meta name=\"robots\" content=\"index, follow, max-snippet:-1, max-image-preview:large, max-video-preview:-1\" \/>\n<link rel=\"canonical\" href=\"https:\/\/karolisbuta.lt\/?page_id=6710\" \/>\n<meta property=\"og:locale\" content=\"en_US\" \/>\n<meta property=\"og:type\" content=\"article\" \/>\n<meta property=\"og:title\" content=\"Apie mane 2021 - Vestuvi\u0173 fotografas, portretin\u0117 bei \u0161eim\u0173 fotografija\" \/>\n<meta property=\"og:url\" content=\"https:\/\/karolisbuta.lt\/?page_id=6710\" \/>\n<meta property=\"og:site_name\" content=\"Vestuvi\u0173 fotografas, portretin\u0117 bei \u0161eim\u0173 fotografija\" \/>\n<meta property=\"article:modified_time\" content=\"2021-05-05T14:20:28+00:00\" \/>\n<meta name=\"twitter:card\" content=\"summary_large_image\" \/>\n<script type=\"application\/ld+json\" class=\"yoast-schema-graph\">{\"@context\":\"https:\\\/\\\/schema.org\",\"@graph\":[{\"@type\":\"WebPage\",\"@id\":\"https:\\\/\\\/karolisbuta.lt\\\/?page_id=6710\",\"url\":\"https:\\\/\\\/karolisbuta.lt\\\/?page_id=6710\",\"name\":\"Apie mane 2021 - Vestuvi\u0173 fotografas, portretin\u0117 bei \u0161eim\u0173 fotografija\",\"isPartOf\":{\"@id\":\"https:\\\/\\\/karolisbuta.lt\\\/#website\"},\"datePublished\":\"2017-03-10T19:13:01+00:00\",\"dateModified\":\"2021-05-05T14:20:28+00:00\",\"inLanguage\":\"en-US\",\"potentialAction\":[{\"@type\":\"ReadAction\",\"target\":[\"https:\\\/\\\/karolisbuta.lt\\\/?page_id=6710\"]}]},{\"@type\":\"WebSite\",\"@id\":\"https:\\\/\\\/karolisbuta.lt\\\/#website\",\"url\":\"https:\\\/\\\/karolisbuta.lt\\\/\",\"name\":\"Vestuvi\u0173 fotografas, portretin\u0117 bei \u0161eim\u0173 fotografija\",\"description\":\"Profesionalus vestuvi\u0173 fotografas,fotografai, Klaip\u0117doje - i\u0161skirtin\u0117s prie\u0161 ir po vestuvin\u0117s fotosesijos, Love Story, Trash the Dress. , fotografijos paslaugos Kaune, Vilniuje\",\"potentialAction\":[{\"@type\":\"SearchAction\",\"target\":{\"@type\":\"EntryPoint\",\"urlTemplate\":\"https:\\\/\\\/karolisbuta.lt\\\/?s={search_term_string}\"},\"query-input\":{\"@type\":\"PropertyValueSpecification\",\"valueRequired\":true,\"valueName\":\"search_term_string\"}}],\"inLanguage\":\"en-US\"}]}<\/script>\n<!-- \/ Yoast SEO plugin. -->","yoast_head_json":{"title":"Apie mane 2021 - Vestuvi\u0173 fotografas, portretin\u0117 bei \u0161eim\u0173 fotografija","robots":{"index":"index","follow":"follow","max-snippet":"max-snippet:-1","max-image-preview":"max-image-preview:large","max-video-preview":"max-video-preview:-1"},"canonical":"https:\/\/karolisbuta.lt\/?page_id=6710","og_locale":"en_US","og_type":"article","og_title":"Apie mane 2021 - Vestuvi\u0173 fotografas, portretin\u0117 bei \u0161eim\u0173 fotografija","og_url":"https:\/\/karolisbuta.lt\/?page_id=6710","og_site_name":"Vestuvi\u0173 fotografas, portretin\u0117 bei \u0161eim\u0173 fotografija","article_modified_time":"2021-05-05T14:20:28+00:00","twitter_card":"summary_large_image","schema":{"@context":"https:\/\/schema.org","@graph":[{"@type":"WebPage","@id":"https:\/\/karolisbuta.lt\/?page_id=6710","url":"https:\/\/karolisbuta.lt\/?page_id=6710","name":"Apie mane 2021 - Vestuvi\u0173 fotografas, portretin\u0117 bei \u0161eim\u0173 fotografija","isPartOf":{"@id":"https:\/\/karolisbuta.lt\/#website"},"datePublished":"2017-03-10T19:13:01+00:00","dateModified":"2021-05-05T14:20:28+00:00","inLanguage":"en-US","potentialAction":[{"@type":"ReadAction","target":["https:\/\/karolisbuta.lt\/?page_id=6710"]}]},{"@type":"WebSite","@id":"https:\/\/karolisbuta.lt\/#website","url":"https:\/\/karolisbuta.lt\/","name":"Vestuvi\u0173 fotografas, portretin\u0117 bei \u0161eim\u0173 fotografija","description":"Profesionalus vestuvi\u0173 fotografas,fotografai, Klaip\u0117doje - i\u0161skirtin\u0117s prie\u0161 ir po vestuvin\u0117s fotosesijos, Love Story, Trash the Dress. , fotografijos paslaugos Kaune, Vilniuje","potentialAction":[{"@type":"SearchAction","target":{"@type":"EntryPoint","urlTemplate":"https:\/\/karolisbuta.lt\/?s={search_term_string}"},"query-input":{"@type":"PropertyValueSpecification","valueRequired":true,"valueName":"search_term_string"}}],"inLanguage":"en-US"}]}},"_links":{"self":[{"href":"https:\/\/karolisbuta.lt\/index.php?rest_route=\/wp\/v2\/pages\/6710","targetHints":{"allow":["GET"]}}],"collection":[{"href":"https:\/\/karolisbuta.lt\/index.php?rest_route=\/wp\/v2\/pages"}],"about":[{"href":"https:\/\/karolisbuta.lt\/index.php?rest_route=\/wp\/v2\/types\/page"}],"author":[{"embeddable":true,"href":"https:\/\/karolisbuta.lt\/index.php?rest_route=\/wp\/v2\/users\/1"}],"replies":[{"embeddable":true,"href":"https:\/\/karolisbuta.lt\/index.php?rest_route=%2Fwp%2Fv2%2Fcomments&post=6710"}],"version-history":[{"count":0,"href":"https:\/\/karolisbuta.lt\/index.php?rest_route=\/wp\/v2\/pages\/6710\/revisions"}],"wp:attachment":[{"href":"https:\/\/karolisbuta.lt\/index.php?rest_route=%2Fwp%2Fv2%2Fmedia&parent=6710"}],"curies":[{"name":"wp","href":"https:\/\/api.w.org\/{rel}","templated":true}]}}