{"id":7856,"date":"2021-03-25T08:37:33","date_gmt":"2021-03-25T08:37:33","guid":{"rendered":"http:\/\/karolisbuta.lt\/?page_id=7856"},"modified":"2021-05-05T14:21:37","modified_gmt":"2021-05-05T14:21:37","slug":"portfolio","status":"publish","type":"page","link":"https:\/\/karolisbuta.lt\/?page_id=7856","title":{"rendered":"PORTFOLIOS 2021  !!!!"},"content":{"rendered":"\n<div class=\"wp-block-columns is-layout-flex wp-container-core-columns-is-layout-9d6595d7 wp-block-columns-is-layout-flex\">\n<div class=\"wp-block-column is-layout-flow wp-block-column-is-layout-flow\"><\/div>\n\n\n\n<div class=\"wp-block-column is-layout-flow wp-block-column-is-layout-flow\"><\/div>\n<\/div>\n\n\n\n<img decoding=\"async\" id=\"pp-grid-article_3808ecd9-f450-4e85-9116-88e4ac3ce874\" class=\" pp-grid-placeholder pp-grid-type-galleries\" src=\"https:\/\/prophoto.s3.amazonaws.com\/img\/pp-grid-placeholder-galleries.jpg\" data-id=\"3808ecd9-f450-4e85-9116-88e4ac3ce874\" loading=\"lazy\" \/>\n\n\n\n<p><\/p>\n","protected":false},"excerpt":{"rendered":"","protected":false},"author":1,"featured_media":8093,"parent":0,"menu_order":0,"comment_status":"closed","ping_status":"closed","template":"","meta":{"_monsterinsights_skip_tracking":false,"_monsterinsights_sitenote_active":false,"_monsterinsights_sitenote_note":"","_monsterinsights_sitenote_category":0,"pp_embeds":"{\"f7ba410f-45fe-4ecb-8cfa-acc8e4cd4474\":{\"id\":\"f7ba410f-45fe-4ecb-8cfa-acc8e4cd4474\",\"type\":\"modules\",\"parent\":\"\",\"children\":[],\"customizations\":{},\"attributes\":{\"style_id\":\"a44afd80-bb7e-4fac-a413-49e37d22e400\",\"collection_id\":\"6882\"}},\"fec78cf6-cd3e-45bb-8cbd-a0e03e9c72e6\":{\"id\":\"fec78cf6-cd3e-45bb-8cbd-a0e03e9c72e6\",\"type\":\"modules\",\"parent\":\"\",\"children\":[],\"customizations\":{},\"attributes\":{\"itemIdealWidth\":{\"amount\":300,\"unit\":\"px\"},\"moduleType\":\"grid\",\"itemMinWidth\":{\"amount\":200,\"unit\":\"px\"},\"showOptionalText\":false,\"layout\":\"cropped\",\"customItems\":[{\"id\":\"d29e31b3-d940-4180-b30a-a38cdb1ecece\",\"url\":\"\",\"title\":\"\",\"target\":\"_self\",\"text\":\"\",\"attachment\":null}],\"excludedCategoryIds\":[],\"style\":\"db1e09cd-c044-47b0-b19c-43dc4e5f3af4\",\"itemMaxWidth\":{\"amount\":395,\"unit\":\"px\"},\"maxCols\":{\"amount\":3,\"unit\":\"\"},\"categoryId\":\"\",\"type\":\"galleries\",\"selectedImageCollectionIds\":[\"7556\",\"7144\",\"6884\"],\"numItems\":{\"amount\":6,\"unit\":\"\"},\"gutter\":{\"amount\":45,\"unit\":\"px\"},\"cropRatio\":\"4:6\",\"selectedPostIds\":[]}},\"3808ecd9-f450-4e85-9116-88e4ac3ce874\":{\"id\":\"3808ecd9-f450-4e85-9116-88e4ac3ce874\",\"type\":\"modules\",\"parent\":\"\",\"children\":[],\"customizations\":{},\"attributes\":{\"itemIdealWidth\":{\"amount\":300,\"unit\":\"px\"},\"moduleType\":\"grid\",\"itemMinWidth\":{\"amount\":200,\"unit\":\"px\"},\"showOptionalText\":false,\"layout\":\"cropped\",\"customItems\":[],\"excludedCategoryIds\":[],\"style\":\"db1e09cd-c044-47b0-b19c-43dc4e5f3af4\",\"itemMaxWidth\":{\"amount\":900,\"unit\":\"px\"},\"maxCols\":{\"amount\":4,\"unit\":\"\"},\"categoryId\":\"\",\"type\":\"galleries\",\"selectedImageCollectionIds\":[\"7882\",\"8004\",\"7902\"],\"numItems\":{\"amount\":6,\"unit\":\"\"},\"gutter\":{\"amount\":20,\"unit\":\"px\"},\"cropRatio\":\"4:6\",\"selectedPostIds\":[]}}}","footnotes":""},"class_list":["post-7856","page","type-page","status-publish","has-post-thumbnail","hentry"],"yoast_head":"<!-- This site is optimized with the Yoast SEO plugin v27.5 - https:\/\/yoast.com\/product\/yoast-seo-wordpress\/ -->\n<title>PORTFOLIOS 2021 !!!! - Vestuvi\u0173 fotografas, portretin\u0117 bei \u0161eim\u0173 fotografija<\/title>\n<meta name=\"robots\" content=\"index, follow, max-snippet:-1, max-image-preview:large, max-video-preview:-1\" \/>\n<link rel=\"canonical\" href=\"https:\/\/karolisbuta.lt\/?page_id=7856\" \/>\n<meta property=\"og:locale\" content=\"en_US\" \/>\n<meta property=\"og:type\" content=\"article\" \/>\n<meta property=\"og:title\" content=\"PORTFOLIOS 2021 !!!! - Vestuvi\u0173 fotografas, portretin\u0117 bei \u0161eim\u0173 fotografija\" \/>\n<meta property=\"og:url\" content=\"https:\/\/karolisbuta.lt\/?page_id=7856\" \/>\n<meta property=\"og:site_name\" content=\"Vestuvi\u0173 fotografas, portretin\u0117 bei \u0161eim\u0173 fotografija\" \/>\n<meta property=\"article:modified_time\" content=\"2021-05-05T14:21:37+00:00\" \/>\n<meta property=\"og:image\" content=\"https:\/\/karolisbuta.lt\/wp-content\/uploads\/2021\/03\/30-7882-pp_gallery\/168.jpg\" \/>\n\t<meta property=\"og:image:width\" content=\"800\" \/>\n\t<meta property=\"og:image:height\" content=\"534\" \/>\n\t<meta property=\"og:image:type\" content=\"image\/jpeg\" \/>\n<meta name=\"twitter:card\" content=\"summary_large_image\" \/>\n<meta name=\"twitter:label1\" content=\"Est. reading time\" \/>\n\t<meta name=\"twitter:data1\" content=\"1 minute\" \/>\n<script type=\"application\/ld+json\" class=\"yoast-schema-graph\">{\"@context\":\"https:\\\/\\\/schema.org\",\"@graph\":[{\"@type\":\"WebPage\",\"@id\":\"https:\\\/\\\/karolisbuta.lt\\\/?page_id=7856\",\"url\":\"https:\\\/\\\/karolisbuta.lt\\\/?page_id=7856\",\"name\":\"PORTFOLIOS 2021 !!!! - Vestuvi\u0173 fotografas, portretin\u0117 bei \u0161eim\u0173 fotografija\",\"isPartOf\":{\"@id\":\"https:\\\/\\\/karolisbuta.lt\\\/#website\"},\"primaryImageOfPage\":{\"@id\":\"https:\\\/\\\/karolisbuta.lt\\\/?page_id=7856#primaryimage\"},\"image\":{\"@id\":\"https:\\\/\\\/karolisbuta.lt\\\/?page_id=7856#primaryimage\"},\"thumbnailUrl\":\"https:\\\/\\\/karolisbuta.lt\\\/wp-content\\\/uploads\\\/2021\\\/03\\\/30-7882-pp_gallery\\\/168.jpg\",\"datePublished\":\"2021-03-25T08:37:33+00:00\",\"dateModified\":\"2021-05-05T14:21:37+00:00\",\"inLanguage\":\"en-US\",\"potentialAction\":[{\"@type\":\"ReadAction\",\"target\":[\"https:\\\/\\\/karolisbuta.lt\\\/?page_id=7856\"]}]},{\"@type\":\"ImageObject\",\"inLanguage\":\"en-US\",\"@id\":\"https:\\\/\\\/karolisbuta.lt\\\/?page_id=7856#primaryimage\",\"url\":\"https:\\\/\\\/karolisbuta.lt\\\/wp-content\\\/uploads\\\/2021\\\/03\\\/30-7882-pp_gallery\\\/168.jpg\",\"contentUrl\":\"https:\\\/\\\/karolisbuta.lt\\\/wp-content\\\/uploads\\\/2021\\\/03\\\/30-7882-pp_gallery\\\/168.jpg\",\"width\":800,\"height\":534},{\"@type\":\"WebSite\",\"@id\":\"https:\\\/\\\/karolisbuta.lt\\\/#website\",\"url\":\"https:\\\/\\\/karolisbuta.lt\\\/\",\"name\":\"Vestuvi\u0173 fotografas, portretin\u0117 bei \u0161eim\u0173 fotografija\",\"description\":\"Profesionalus vestuvi\u0173 fotografas,fotografai, Klaip\u0117doje - i\u0161skirtin\u0117s prie\u0161 ir po vestuvin\u0117s fotosesijos, Love Story, Trash the Dress. , fotografijos paslaugos Kaune, Vilniuje\",\"potentialAction\":[{\"@type\":\"SearchAction\",\"target\":{\"@type\":\"EntryPoint\",\"urlTemplate\":\"https:\\\/\\\/karolisbuta.lt\\\/?s={search_term_string}\"},\"query-input\":{\"@type\":\"PropertyValueSpecification\",\"valueRequired\":true,\"valueName\":\"search_term_string\"}}],\"inLanguage\":\"en-US\"}]}<\/script>\n<!-- \/ Yoast SEO plugin. -->","yoast_head_json":{"title":"PORTFOLIOS 2021 !!!! - Vestuvi\u0173 fotografas, portretin\u0117 bei \u0161eim\u0173 fotografija","robots":{"index":"index","follow":"follow","max-snippet":"max-snippet:-1","max-image-preview":"max-image-preview:large","max-video-preview":"max-video-preview:-1"},"canonical":"https:\/\/karolisbuta.lt\/?page_id=7856","og_locale":"en_US","og_type":"article","og_title":"PORTFOLIOS 2021 !!!! - Vestuvi\u0173 fotografas, portretin\u0117 bei \u0161eim\u0173 fotografija","og_url":"https:\/\/karolisbuta.lt\/?page_id=7856","og_site_name":"Vestuvi\u0173 fotografas, portretin\u0117 bei \u0161eim\u0173 fotografija","article_modified_time":"2021-05-05T14:21:37+00:00","og_image":[{"width":800,"height":534,"url":"https:\/\/karolisbuta.lt\/wp-content\/uploads\/2021\/03\/30-7882-pp_gallery\/168.jpg","type":"image\/jpeg"}],"twitter_card":"summary_large_image","twitter_misc":{"Est. reading time":"1 minute"},"schema":{"@context":"https:\/\/schema.org","@graph":[{"@type":"WebPage","@id":"https:\/\/karolisbuta.lt\/?page_id=7856","url":"https:\/\/karolisbuta.lt\/?page_id=7856","name":"PORTFOLIOS 2021 !!!! - Vestuvi\u0173 fotografas, portretin\u0117 bei \u0161eim\u0173 fotografija","isPartOf":{"@id":"https:\/\/karolisbuta.lt\/#website"},"primaryImageOfPage":{"@id":"https:\/\/karolisbuta.lt\/?page_id=7856#primaryimage"},"image":{"@id":"https:\/\/karolisbuta.lt\/?page_id=7856#primaryimage"},"thumbnailUrl":"https:\/\/karolisbuta.lt\/wp-content\/uploads\/2021\/03\/30-7882-pp_gallery\/168.jpg","datePublished":"2021-03-25T08:37:33+00:00","dateModified":"2021-05-05T14:21:37+00:00","inLanguage":"en-US","potentialAction":[{"@type":"ReadAction","target":["https:\/\/karolisbuta.lt\/?page_id=7856"]}]},{"@type":"ImageObject","inLanguage":"en-US","@id":"https:\/\/karolisbuta.lt\/?page_id=7856#primaryimage","url":"https:\/\/karolisbuta.lt\/wp-content\/uploads\/2021\/03\/30-7882-pp_gallery\/168.jpg","contentUrl":"https:\/\/karolisbuta.lt\/wp-content\/uploads\/2021\/03\/30-7882-pp_gallery\/168.jpg","width":800,"height":534},{"@type":"WebSite","@id":"https:\/\/karolisbuta.lt\/#website","url":"https:\/\/karolisbuta.lt\/","name":"Vestuvi\u0173 fotografas, portretin\u0117 bei \u0161eim\u0173 fotografija","description":"Profesionalus vestuvi\u0173 fotografas,fotografai, Klaip\u0117doje - i\u0161skirtin\u0117s prie\u0161 ir po vestuvin\u0117s fotosesijos, Love Story, Trash the Dress. , fotografijos paslaugos Kaune, Vilniuje","potentialAction":[{"@type":"SearchAction","target":{"@type":"EntryPoint","urlTemplate":"https:\/\/karolisbuta.lt\/?s={search_term_string}"},"query-input":{"@type":"PropertyValueSpecification","valueRequired":true,"valueName":"search_term_string"}}],"inLanguage":"en-US"}]}},"_links":{"self":[{"href":"https:\/\/karolisbuta.lt\/index.php?rest_route=\/wp\/v2\/pages\/7856","targetHints":{"allow":["GET"]}}],"collection":[{"href":"https:\/\/karolisbuta.lt\/index.php?rest_route=\/wp\/v2\/pages"}],"about":[{"href":"https:\/\/karolisbuta.lt\/index.php?rest_route=\/wp\/v2\/types\/page"}],"author":[{"embeddable":true,"href":"https:\/\/karolisbuta.lt\/index.php?rest_route=\/wp\/v2\/users\/1"}],"replies":[{"embeddable":true,"href":"https:\/\/karolisbuta.lt\/index.php?rest_route=%2Fwp%2Fv2%2Fcomments&post=7856"}],"version-history":[{"count":0,"href":"https:\/\/karolisbuta.lt\/index.php?rest_route=\/wp\/v2\/pages\/7856\/revisions"}],"wp:featuredmedia":[{"embeddable":true,"href":"https:\/\/karolisbuta.lt\/index.php?rest_route=\/wp\/v2\/media\/8093"}],"wp:attachment":[{"href":"https:\/\/karolisbuta.lt\/index.php?rest_route=%2Fwp%2Fv2%2Fmedia&parent=7856"}],"curies":[{"name":"wp","href":"https:\/\/api.w.org\/{rel}","templated":true}]}}